{"id":153,"date":"2024-09-13T18:05:37","date_gmt":"2024-09-13T16:05:37","guid":{"rendered":"https:\/\/algebradub.ai\/informativa-sulla-privacy\/"},"modified":"2024-10-21T17:02:41","modified_gmt":"2024-10-21T15:02:41","slug":"informativa-sulla-privacy","status":"publish","type":"page","link":"https:\/\/algebradub.ai\/it\/informativa-sulla-privacy\/","title":{"rendered":"Informativa sulla privacy"},"content":{"rendered":"\n<h2 class=\"wp-block-heading\"><strong>Informazioni sul trattamento dei dati personali<\/strong><\/h2>\n\n<p>In questa pagina si descrivono le modalit\u00e0 di gestione di questo sito in riferimento al trattamento dei dati personali degli utenti che lo consultano. Si tratta di un&#8217;informativa che \u00e8 resa ai sensi della normativa vigente in materia di dati personali per gli utenti che interagiscono con i servizi di questo sito ai sensi del Regolamento UE 2016\/679. L&#8217;informativa \u00e8 resa solo per questo sito e non anche per altri siti web eventualmente consultati dall&#8217;utente tramite i nostri link.  <\/p>\n\n<h3 class=\"wp-block-heading\"><strong>Il &#8220;proprietario&#8221; del trattamento<\/strong><\/h3>\n\n<p>A seguito della consultazione del sito possono essere trattati dati relativi a persone identificate o identificabili. Il &#8220;titolare&#8221; del loro trattamento \u00e8 Algebra Pte Ltd con sede in 19 Cecil Street, #04-01 Singapore 049704 <\/p>\n\n<h3 class=\"wp-block-heading\"><strong>Luogo di trattamento dei dati<\/strong><\/h3>\n\n<p>I trattamenti connessi ai servizi web sono curati solo da personale tecnico dell&#8217;Ufficio incaricato del trattamento, oppure da eventuali incaricati di occasionali operazioni di manutenzione. Nessun dato derivante dal servizio web viene comunicato o diffuso. <\/p>\n\n<h3 class=\"wp-block-heading\">Finalit\u00e0 del trattamento e base giuridica del trattamento<\/h3>\n\n<p>I dati personali forniti dagli utenti che eseguono azioni richieste da specifiche funzioni del sito, inoltrano richieste o intendono usufruire dei servizi offerti attraverso il sito nonch\u00e9 ricevere ulteriori contenuti specifici, sono utilizzati al solo fine di gestire le azioni compiute dagli utenti, rispondere alle loro richieste o eseguire il servizio richiesto e sono comunicati a terzi nel solo caso in cui ci\u00f2 sia necessario a tal fine. La base giuridica di questi trattamenti \u00e8 la necessit\u00e0 di rispondere alle richieste degli interessati o di svolgere le attivit\u00e0 previste dagli accordi definiti con gli interessati in relazione a eventuali obblighi contrattuali precontrattuali o legali. In caso di raccolta di dati tramite moduli specifici e per ulteriori finalit\u00e0, vengono fornite informazioni specifiche sul trattamento dei dati cos\u00ec raccolti.  <\/p>\n\n<h2 class=\"wp-block-heading\"><strong>Tipi di dati trattati<\/strong><\/h2>\n\n<h3 class=\"wp-block-heading\"><strong>Dati di navigazione<\/strong><\/h3>\n\n<p>I sistemi informatici e le procedure software preposte al funzionamento del sito acquisiscono, nel corso del loro normale esercizio, alcuni dati personali la cui trasmissione \u00e8 implicita nell&#8217;uso dei protocolli di comunicazione di Internet. Si tratta di informazioni che non sono raccolte per essere associate a interessati identificati, ma che per loro stessa natura potrebbero, attraverso elaborazioni ed associazioni con dati detenuti da terzi, permettere di identificare gli utenti. In questa categoria di dati rientrano gli indirizzi IP o i nomi a dominio dei computer utilizzati dagli utenti che si connettono al sito, gli indirizzi in notazione URI (Uniform Resource Identifier) delle risorse richieste, l&#8217;orario della richiesta, il metodo utilizzato nel sottoporre la richiesta al server, la dimensione del file ottenuto in risposta, il codice numerico indicante lo stato della risposta data dal server (buon fine, errore, ecc.) e altri parametri relativi al sistema operativo e all&#8217;ambiente informatico dell&#8217;utente. Questi dati vengono utilizzati al solo fine di ricavare informazioni statistiche anonime sull&#8217;uso del sito e per controllarne il corretto funzionamento e vengono cancellati dopo l&#8217;elaborazione. I dati potrebbero essere utilizzati per l&#8217;accertamento di responsabilit\u00e0 in caso di ipotetici reati informatici ai danni del sito.    <\/p>\n\n<h3 class=\"wp-block-heading\"><strong>Dati forniti volontariamente dall&#8217;utente<\/strong><\/h3>\n\n<p>L&#8217;invio facoltativo, esplicito e volontario di posta elettronica agli indirizzi indicati sul sito comporta la successiva acquisizione dell&#8217;indirizzo del mittente, necessario per rispondere alle richieste, nonch\u00e9 degli eventuali altri dati personali inseriti nella missiva. Specifiche informative di sintesi potranno essere riportate di volta in volta nelle pagine del sito predisposte per particolari servizi a richiesta. <\/p>\n\n<h3 class=\"wp-block-heading\"><strong>Biscotti<\/strong><\/h3>\n\n<p>Per cookie si intende un elemento di testo che viene inserito nel disco rigido di un computer solo dopo l&#8217;autorizzazione. I cookie hanno la funzione di semplificare l&#8217;analisi del traffico web o di segnalare quando un sito specifico viene visitato e consentono alle applicazioni web di inviare informazioni ai singoli utenti. Per maggiori dettagli sull&#8217;utilizzo dei cookie da parte del sito, ti invitiamo a consultare l&#8217;apposita informativa sui cookie disponibile sul sito.  <\/p>\n\n<h3 class=\"wp-block-heading\"><strong>Natura facoltativa della fornitura dei dati<\/strong><\/h3>\n\n<p>A parte quanto specificato per i dati di navigazione, l&#8217;utente \u00e8 libero di fornire i dati personali per richiedere i servizi offerti dal Titolare. Il loro mancato conferimento pu\u00f2 comportare l&#8217;impossibilit\u00e0 di ottenere quanto richiesto. <\/p>\n\n<h3 class=\"wp-block-heading\"><strong>Metodi di elaborazione e tempi di conservazione dei dati<\/strong><\/h3>\n\n<p>I dati personali sono trattati con strumenti automatizzati per il tempo strettamente necessario a conseguire gli scopi per cui sono stati raccolti. Specifiche misure di sicurezza sono osservate per prevenire la perdita dei dati, usi illeciti o non corretti ed accessi non autorizzati. <\/p>\n\n<p>I dati sono conservati per il tempo strettamente necessario al perseguimento delle finalit\u00e0 indicate nella presente informativa e saranno cancellati al termine di tale periodo, salvo che i dati stessi debbano essere conservati per obblighi di legge o per far valere un diritto in sede giudiziaria.<\/p>\n\n<h3 class=\"wp-block-heading\"><strong>Diritti degli interessati<\/strong><\/h3>\n\n<p>Nei limiti e alle condizioni previste dalla legge, il titolare del trattamento \u00e8 tenuto a rispondere alle richieste dell&#8217;interessato relative ai dati personali che lo riguardano. In particolare, secondo la normativa vigente: <\/p>\n\n<p>1. L&#8217;interessato ha il diritto di ottenere dal titolare del trattamento la conferma che sia o meno in corso un trattamento di dati personali che lo riguardano e, in tal caso, di ottenere l&#8217;accesso ai dati personali e alle seguenti informazioni:<\/p>\n\n<ul class=\"wp-block-list\">\n<li>le finalit\u00e0 del trattamento;<\/li>\n\n\n\n<li>le categorie di dati personali interessate;<\/li>\n\n\n\n<li>i destinatari o le categorie di destinatari a cui i dati personali sono stati o saranno comunicati, in particolare se si tratta di destinatari di paesi terzi o organizzazioni internazionali;<\/li>\n\n\n\n<li>se possibile, il periodo di conservazione dei dati personali previsto o, se non \u00e8 possibile, i criteri utilizzati per determinare tale periodo;<\/li>\n\n\n\n<li>l&#8217;esistenza del diritto dell&#8217;interessato di chiedere al titolare del trattamento la rettifica o la cancellazione dei dati personali o la limitazione del trattamento dei dati personali che lo riguardano o di opporsi al loro trattamento;<\/li>\n\n\n\n<li>il diritto di presentare un reclamo a un&#8217;autorit\u00e0 di controllo;<\/li>\n\n\n\n<li>se i dati non sono raccolti presso l&#8217;interessato, tutte le informazioni disponibili sulla loro origine;<\/li>\n\n\n\n<li>l&#8217;esistenza di un processo decisionale automatizzato, compresa la profilazione<\/li>\n<\/ul>\n\n<p>2. L&#8217;interessato ha il diritto di ottenere dal titolare del trattamento la rettifica dei dati personali inesatti che lo riguardano senza ingiustificato ritardo. Tenendo conto delle finalit\u00e0 del trattamento, l&#8217;interessato ha il diritto di ottenere l&#8217;integrazione dei dati personali incompleti, anche fornendo una dichiarazione supplementare. <\/p>\n\n<p>3. L&#8217;interessato ha il diritto di ottenere dal titolare del trattamento la cancellazione dei dati personali che lo riguardano senza ingiustificato ritardo e il titolare del trattamento ha l&#8217;obbligo di cancellare i dati personali senza ingiustificato ritardo nei limiti e nei casi previsti dalla normativa vigente. Il titolare del trattamento comunicher\u00e0 a ciascuno dei destinatari cui sono stati trasmessi i dati personali eventuali rettifiche o cancellazioni o limitazioni del trattamento nei limiti e nelle forme previste dalla normativa vigente. <\/p>\n\n<p>4. L&#8217;interessato ha il diritto di ottenere la limitazione del trattamento da parte del responsabile del trattamento.<\/p>\n\n<p>5. L&#8217;interessato ha il diritto di ricevere in un formato strutturato, di uso comune e leggibile da dispositivo automatico, i dati personali che lo riguardano forniti a un titolare del trattamento e ha il diritto di trasmettere tali dati a un altro titolare del trattamento senza impedimenti da parte del titolare del trattamento a cui li ha forniti.<\/p>\n\n<p>Per esercitare i diritti sopra elencati, l&#8217;interessato deve presentare una richiesta utilizzando i seguenti recapiti: Algebra Pte Ltd 19 Cecil Street, #04-01 Singapore 049704 info@algebra.sg<\/p>\n\n<p>attraverso il quale il Responsabile della Protezione dei Dati pu\u00f2 essere contattato anche all&#8217;indirizzo indicato di seguito: le richieste devono essere indirizzate al Titolare del trattamento ai seguenti recapiti Algebra Pte Ltd 19 Cecil Street, #04-01 Singapore 049704 info@algebra.sg<\/p>\n\n<p>Questa versione dell&#8217;Informativa sulla privacy \u00e8 stata aggiornata il 28 aprile 2022.<\/p>\n","protected":false},"excerpt":{"rendered":"<p>Informazioni sul trattamento dei dati personali In questa pagina si descrivono le modalit\u00e0 di gestione di questo sito in riferimento al trattamento dei dati personali degli utenti che lo consultano. Si tratta di un&#8217;informativa che \u00e8 resa ai sensi della normativa vigente in materia di dati personali per gli utenti che interagiscono con i servizi [&hellip;]<\/p>\n","protected":false},"author":1,"featured_media":0,"parent":0,"menu_order":0,"comment_status":"closed","ping_status":"open","template":"page-templates\/page-privacy.php","meta":{"_acf_changed":false,"footnotes":""},"class_list":["post-153","page","type-page","status-publish","hentry"],"acf":[],"yoast_head":"<!-- This site is optimized with the Yoast SEO plugin v23.5 - https:\/\/yoast.com\/wordpress\/plugins\/seo\/ -->\n<title>Informativa sulla privacy - Algebra<\/title>\n<meta name=\"robots\" content=\"index, follow, max-snippet:-1, max-image-preview:large, max-video-preview:-1\" \/>\n<link rel=\"canonical\" href=\"https:\/\/algebradub.ai\/it\/informativa-sulla-privacy\/\" \/>\n<meta property=\"og:locale\" content=\"it_IT\" \/>\n<meta property=\"og:type\" content=\"article\" \/>\n<meta property=\"og:title\" content=\"Informativa sulla privacy - Algebra\" \/>\n<meta property=\"og:description\" content=\"Informazioni sul trattamento dei dati personali In questa pagina si descrivono le modalit\u00e0 di gestione di questo sito in riferimento al trattamento dei dati personali degli utenti che lo consultano. Si tratta di un&#8217;informativa che \u00e8 resa ai sensi della normativa vigente in materia di dati personali per gli utenti che interagiscono con i servizi [&hellip;]\" \/>\n<meta property=\"og:url\" content=\"https:\/\/algebradub.ai\/it\/informativa-sulla-privacy\/\" \/>\n<meta property=\"og:site_name\" content=\"Algebra\" \/>\n<meta property=\"article:publisher\" content=\"https:\/\/www.facebook.com\/algebrasg\/\" \/>\n<meta property=\"article:modified_time\" content=\"2024-10-21T15:02:41+00:00\" \/>\n<meta name=\"twitter:card\" content=\"summary_large_image\" \/>\n<meta name=\"twitter:label1\" content=\"Tempo di lettura stimato\" \/>\n\t<meta name=\"twitter:data1\" content=\"6 minuti\" \/>\n<script type=\"application\/ld+json\" class=\"yoast-schema-graph\">{\"@context\":\"https:\/\/schema.org\",\"@graph\":[{\"@type\":\"WebPage\",\"@id\":\"https:\/\/algebradub.ai\/it\/informativa-sulla-privacy\/\",\"url\":\"https:\/\/algebradub.ai\/it\/informativa-sulla-privacy\/\",\"name\":\"Informativa sulla privacy - Algebra\",\"isPartOf\":{\"@id\":\"https:\/\/algebradub.ai\/it\/#website\"},\"datePublished\":\"2024-09-13T16:05:37+00:00\",\"dateModified\":\"2024-10-21T15:02:41+00:00\",\"breadcrumb\":{\"@id\":\"https:\/\/algebradub.ai\/it\/informativa-sulla-privacy\/#breadcrumb\"},\"inLanguage\":\"it-IT\",\"potentialAction\":[{\"@type\":\"ReadAction\",\"target\":[\"https:\/\/algebradub.ai\/it\/informativa-sulla-privacy\/\"]}]},{\"@type\":\"BreadcrumbList\",\"@id\":\"https:\/\/algebradub.ai\/it\/informativa-sulla-privacy\/#breadcrumb\",\"itemListElement\":[{\"@type\":\"ListItem\",\"position\":1,\"name\":\"Home\",\"item\":\"https:\/\/algebradub.ai\/it\/\"},{\"@type\":\"ListItem\",\"position\":2,\"name\":\"Informativa sulla privacy\"}]},{\"@type\":\"WebSite\",\"@id\":\"https:\/\/algebradub.ai\/it\/#website\",\"url\":\"https:\/\/algebradub.ai\/it\/\",\"name\":\"Algebra\",\"description\":\"\",\"publisher\":{\"@id\":\"https:\/\/algebradub.ai\/it\/#organization\"},\"potentialAction\":[{\"@type\":\"SearchAction\",\"target\":{\"@type\":\"EntryPoint\",\"urlTemplate\":\"https:\/\/algebradub.ai\/it\/?s={search_term_string}\"},\"query-input\":{\"@type\":\"PropertyValueSpecification\",\"valueRequired\":true,\"valueName\":\"search_term_string\"}}],\"inLanguage\":\"it-IT\"},{\"@type\":\"Organization\",\"@id\":\"https:\/\/algebradub.ai\/it\/#organization\",\"name\":\"Algebra\",\"url\":\"https:\/\/algebradub.ai\/it\/\",\"logo\":{\"@type\":\"ImageObject\",\"inLanguage\":\"it-IT\",\"@id\":\"https:\/\/algebradub.ai\/it\/#\/schema\/logo\/image\/\",\"url\":\"https:\/\/algebradub.ai\/wp-content\/uploads\/2024\/09\/logo-algebra.svg\",\"contentUrl\":\"https:\/\/algebradub.ai\/wp-content\/uploads\/2024\/09\/logo-algebra.svg\",\"caption\":\"Algebra\"},\"image\":{\"@id\":\"https:\/\/algebradub.ai\/it\/#\/schema\/logo\/image\/\"},\"sameAs\":[\"https:\/\/www.facebook.com\/algebrasg\/\",\"https:\/\/www.linkedin.com\/company\/18840202\/admin\/dashboard\/\"]}]}<\/script>\n<!-- \/ Yoast SEO plugin. -->","yoast_head_json":{"title":"Informativa sulla privacy - Algebra","robots":{"index":"index","follow":"follow","max-snippet":"max-snippet:-1","max-image-preview":"max-image-preview:large","max-video-preview":"max-video-preview:-1"},"canonical":"https:\/\/algebradub.ai\/it\/informativa-sulla-privacy\/","og_locale":"it_IT","og_type":"article","og_title":"Informativa sulla privacy - Algebra","og_description":"Informazioni sul trattamento dei dati personali In questa pagina si descrivono le modalit\u00e0 di gestione di questo sito in riferimento al trattamento dei dati personali degli utenti che lo consultano. Si tratta di un&#8217;informativa che \u00e8 resa ai sensi della normativa vigente in materia di dati personali per gli utenti che interagiscono con i servizi [&hellip;]","og_url":"https:\/\/algebradub.ai\/it\/informativa-sulla-privacy\/","og_site_name":"Algebra","article_publisher":"https:\/\/www.facebook.com\/algebrasg\/","article_modified_time":"2024-10-21T15:02:41+00:00","twitter_card":"summary_large_image","twitter_misc":{"Tempo di lettura stimato":"6 minuti"},"schema":{"@context":"https:\/\/schema.org","@graph":[{"@type":"WebPage","@id":"https:\/\/algebradub.ai\/it\/informativa-sulla-privacy\/","url":"https:\/\/algebradub.ai\/it\/informativa-sulla-privacy\/","name":"Informativa sulla privacy - Algebra","isPartOf":{"@id":"https:\/\/algebradub.ai\/it\/#website"},"datePublished":"2024-09-13T16:05:37+00:00","dateModified":"2024-10-21T15:02:41+00:00","breadcrumb":{"@id":"https:\/\/algebradub.ai\/it\/informativa-sulla-privacy\/#breadcrumb"},"inLanguage":"it-IT","potentialAction":[{"@type":"ReadAction","target":["https:\/\/algebradub.ai\/it\/informativa-sulla-privacy\/"]}]},{"@type":"BreadcrumbList","@id":"https:\/\/algebradub.ai\/it\/informativa-sulla-privacy\/#breadcrumb","itemListElement":[{"@type":"ListItem","position":1,"name":"Home","item":"https:\/\/algebradub.ai\/it\/"},{"@type":"ListItem","position":2,"name":"Informativa sulla privacy"}]},{"@type":"WebSite","@id":"https:\/\/algebradub.ai\/it\/#website","url":"https:\/\/algebradub.ai\/it\/","name":"Algebra","description":"","publisher":{"@id":"https:\/\/algebradub.ai\/it\/#organization"},"potentialAction":[{"@type":"SearchAction","target":{"@type":"EntryPoint","urlTemplate":"https:\/\/algebradub.ai\/it\/?s={search_term_string}"},"query-input":{"@type":"PropertyValueSpecification","valueRequired":true,"valueName":"search_term_string"}}],"inLanguage":"it-IT"},{"@type":"Organization","@id":"https:\/\/algebradub.ai\/it\/#organization","name":"Algebra","url":"https:\/\/algebradub.ai\/it\/","logo":{"@type":"ImageObject","inLanguage":"it-IT","@id":"https:\/\/algebradub.ai\/it\/#\/schema\/logo\/image\/","url":"https:\/\/algebradub.ai\/wp-content\/uploads\/2024\/09\/logo-algebra.svg","contentUrl":"https:\/\/algebradub.ai\/wp-content\/uploads\/2024\/09\/logo-algebra.svg","caption":"Algebra"},"image":{"@id":"https:\/\/algebradub.ai\/it\/#\/schema\/logo\/image\/"},"sameAs":["https:\/\/www.facebook.com\/algebrasg\/","https:\/\/www.linkedin.com\/company\/18840202\/admin\/dashboard\/"]}]}},"_links":{"self":[{"href":"https:\/\/algebradub.ai\/it\/wp-json\/wp\/v2\/pages\/153","targetHints":{"allow":["GET"]}}],"collection":[{"href":"https:\/\/algebradub.ai\/it\/wp-json\/wp\/v2\/pages"}],"about":[{"href":"https:\/\/algebradub.ai\/it\/wp-json\/wp\/v2\/types\/page"}],"author":[{"embeddable":true,"href":"https:\/\/algebradub.ai\/it\/wp-json\/wp\/v2\/users\/1"}],"replies":[{"embeddable":true,"href":"https:\/\/algebradub.ai\/it\/wp-json\/wp\/v2\/comments?post=153"}],"version-history":[{"count":3,"href":"https:\/\/algebradub.ai\/it\/wp-json\/wp\/v2\/pages\/153\/revisions"}],"predecessor-version":[{"id":157,"href":"https:\/\/algebradub.ai\/it\/wp-json\/wp\/v2\/pages\/153\/revisions\/157"}],"wp:attachment":[{"href":"https:\/\/algebradub.ai\/it\/wp-json\/wp\/v2\/media?parent=153"}],"curies":[{"name":"wp","href":"https:\/\/api.w.org\/{rel}","templated":true}]}}